{"id":3,"date":"2020-05-14T19:43:25","date_gmt":"2020-05-14T19:43:25","guid":{"rendered":"https:\/\/gmoodi.fi\/?page_id=3"},"modified":"2022-07-18T18:56:46","modified_gmt":"2022-07-18T18:56:46","slug":"privacy-policy","status":"publish","type":"page","link":"https:\/\/gmoodi.fi\/en\/privacy-policy\/","title":{"rendered":"Privacy Policy"},"content":{"rendered":"<p>&nbsp;<\/p>\n<div id=\"content\" class=\"content-area page-wrapper\" role=\"main\">\n<div class=\"row row-main\">\n<div class=\"large-12 col\">\n<div class=\"col-inner\">\n<div id=\"row-1356871653\" class=\"row\">\n<div class=\"col small-12 large-12\">\n<div class=\"col-inner\">\n<h4>REGISTRATION STATEMENT \/ G-mode<\/h4>\n<p>&nbsp;<\/p>\n<p><b>1. Name of the register:<\/b><\/p>\n<p>G-moodi's customer register<\/p>\n<p><b>2. Controller:<\/b><\/p>\n<p>Graafimo Oy<br \/>\nG-moodi<\/p>\n<p>VAT Number FI29407533<\/p>\n<p>Hyllykalliontie 5<\/p>\n<p>60220 Sein\u00e4joki<\/p>\n<p>Finland<\/p>\n<p><b>3. Purpose of use of the register<\/b><\/p>\n<p>The customer register is used for the development of customer relations and customer service, as well as for managing customer relations. In addition, the register is used as part of the development of the company&#039;s products. The purpose of the customer register is to collect and use order information to fulfill customers&#039; wishes. The register is used for marketing, if the customer has granted the company a marketing permit.<\/p>\n<p><b>4. Personal data contained in the register<\/b><\/p>\n<p>-Customer&#039;s first and last name<\/p>\n<p>-Direct marketing license<\/p>\n<p>-Email address<\/p>\n<p>-Telephone number<\/p>\n<p>- Order information<\/p>\n<p>-Additional order information that is necessary so that customers&#039; individual wishes can be fulfilled<\/p>\n<p>-Name of the company<\/p>\n<p>- Company contact person<\/p>\n<p>-Contact details of a business<\/p>\n<p><b>5. Regular data sources for the register<\/b><\/p>\n<p>The main data source of the customer register is the order history. The customer&#039;s information is obtained with the customer&#039;s consent from the registrant himself. The collection of personal data is also carried out using the Google Analytics tool.<\/p>\n<p><b>6. Regular disclosures of information<\/b><\/p>\n<p>The controller has the right to disclose customer data within the limits permitted and required by law. The privacy statement of the payment transaction processor can be found here https:\/\/www.checkout.fi\/tietosuoja<\/p>\n<p><b>7. Principles of registry protection<\/b><\/p>\n<p>All personal data is kept confidential and the register is protected from access by outsiders. Customer-related information is processed only by persons who have access to usernames and passwords. User IDs and passwords are only granted to persons designated by the company whose job duties require the use of information in the customer register.<\/p>\n<p><strong><b>8. Data retention period<\/b><\/strong><\/p>\n<p>If you leave a comment, the comment and its metadata will be stored for the time being. This is done so that we can recognize and approve subsequent comments automatically, rather than keeping them in the moderation queue.<\/p>\n<p>We store the user profile information of registered users (if any). All users have the opportunity to see, modify and delete their own personal data at any time. Only the username cannot be changed. Website administrators can view and edit user profile information.<\/p>\n<p><strong>9. Person handling registry matters<\/strong><\/p>\n<p>CEO Kati Alasaari, kati.alasaari@graafimo.fi<\/p>\n<\/div>\n<\/div>\n<\/div>\n<\/div>\n<\/div>\n<\/div>\n<\/div>\n<footer id=\"footer\" class=\"footer-wrapper\">\n<div class=\"footer-widgets footer footer-2\">\n<div class=\"row large-columns-1 mb-0\">\n<div id=\"block_widget-2\" class=\"col pb-0 widget block_widget\">\n<h4>G-moodi<br \/>\nGRAAFIMO OY<\/h4>\n<h4>60220 Sein\u00e4joki<\/h4>\n<p>info@gmoodi.fi<\/p>\n<div class=\"social-icons follow-icons full-width text-center\"><\/div>\n<\/div>\n<\/div>\n<\/div>\n<\/footer>","protected":false},"excerpt":{"rendered":"<p>&nbsp; REKISTERISELOSTE \/ G-moodi &nbsp; 1. Rekisterin nimi: G-moodin asiakasrekisteri 2. Rekisterinpit\u00e4j\u00e4: Graafimo Oy G-moodi Y-tunnus 2940753-3 Hyllykalliontie 5 60510 Hyllykallio Suomi 3. Rekisterin k\u00e4ytt\u00f6tarkoitus Asiakasrekisteri\u00e4 k\u00e4ytet\u00e4\u00e4n asiakassuhteiden ja asiakaspalvelun kehitt\u00e4miseen, sek\u00e4 asiakassuhteiden hoitoon. Lis\u00e4ksi rekisteri\u00e4 k\u00e4ytet\u00e4\u00e4n osana yrityksen tuotteiden kehitt\u00e4mist\u00e4.\u00a0 Asiakasrekisterin k\u00e4ytt\u00f6tarkoituksena on ker\u00e4t\u00e4 ja k\u00e4ytt\u00e4\u00e4 tilaustietoja asiakkaiden toiveiden toteuttamiseksi. Rekisteri\u00e4 k\u00e4ytet\u00e4\u00e4n markkinointiin, mik\u00e4li [&hellip;]<\/p>","protected":false},"author":1,"featured_media":0,"parent":0,"menu_order":0,"comment_status":"closed","ping_status":"open","template":"","meta":{"footnotes":""},"class_list":["post-3","page","type-page","status-publish","hentry"],"_links":{"self":[{"href":"https:\/\/gmoodi.fi\/en\/wp-json\/wp\/v2\/pages\/3","targetHints":{"allow":["GET"]}}],"collection":[{"href":"https:\/\/gmoodi.fi\/en\/wp-json\/wp\/v2\/pages"}],"about":[{"href":"https:\/\/gmoodi.fi\/en\/wp-json\/wp\/v2\/types\/page"}],"author":[{"embeddable":true,"href":"https:\/\/gmoodi.fi\/en\/wp-json\/wp\/v2\/users\/1"}],"replies":[{"embeddable":true,"href":"https:\/\/gmoodi.fi\/en\/wp-json\/wp\/v2\/comments?post=3"}],"version-history":[{"count":1,"href":"https:\/\/gmoodi.fi\/en\/wp-json\/wp\/v2\/pages\/3\/revisions"}],"predecessor-version":[{"id":5593,"href":"https:\/\/gmoodi.fi\/en\/wp-json\/wp\/v2\/pages\/3\/revisions\/5593"}],"wp:attachment":[{"href":"https:\/\/gmoodi.fi\/en\/wp-json\/wp\/v2\/media?parent=3"}],"curies":[{"name":"wp","href":"https:\/\/api.w.org\/{rel}","templated":true}]}}