{"id":4480,"date":"2023-06-26T22:20:24","date_gmt":"2023-06-26T19:20:24","guid":{"rendered":"https:\/\/gmoodi.fi\/?page_id=4480"},"modified":"2023-06-28T23:05:28","modified_gmt":"2023-06-28T20:05:28","slug":"kaarija","status":"publish","type":"page","link":"https:\/\/gmoodi.fi\/en\/kaarija\/","title":{"rendered":"K\u00e4\u00e4rij\u00e4"},"content":{"rendered":"","protected":false},"excerpt":{"rendered":"","protected":false},"author":1,"featured_media":0,"parent":0,"menu_order":0,"comment_status":"closed","ping_status":"closed","template":"","meta":{"footnotes":""},"class_list":["post-4480","page","type-page","status-publish","hentry"],"_links":{"self":[{"href":"https:\/\/gmoodi.fi\/en\/wp-json\/wp\/v2\/pages\/4480","targetHints":{"allow":["GET"]}}],"collection":[{"href":"https:\/\/gmoodi.fi\/en\/wp-json\/wp\/v2\/pages"}],"about":[{"href":"https:\/\/gmoodi.fi\/en\/wp-json\/wp\/v2\/types\/page"}],"author":[{"embeddable":true,"href":"https:\/\/gmoodi.fi\/en\/wp-json\/wp\/v2\/users\/1"}],"replies":[{"embeddable":true,"href":"https:\/\/gmoodi.fi\/en\/wp-json\/wp\/v2\/comments?post=4480"}],"version-history":[{"count":1,"href":"https:\/\/gmoodi.fi\/en\/wp-json\/wp\/v2\/pages\/4480\/revisions"}],"predecessor-version":[{"id":4481,"href":"https:\/\/gmoodi.fi\/en\/wp-json\/wp\/v2\/pages\/4480\/revisions\/4481"}],"wp:attachment":[{"href":"https:\/\/gmoodi.fi\/en\/wp-json\/wp\/v2\/media?parent=4480"}],"curies":[{"name":"wp","href":"https:\/\/api.w.org\/{rel}","templated":true}]}}