{"id":106,"date":"2024-09-23T09:16:00","date_gmt":"2024-09-23T06:16:00","guid":{"rendered":"https:\/\/gmoodi.fi\/?post_type=product&#038;p=106"},"modified":"2026-02-12T14:22:18","modified_gmt":"2026-02-12T11:22:18","slug":"roots-earrings","status":"publish","type":"product","link":"https:\/\/gmoodi.fi\/en\/product\/roots-earrings\/","title":{"rendered":"Roots earrings"},"content":{"rendered":"<p>Everything has a beginning and a root. The roots tell about the original force and transport us to the sources of the places of origin. The roots of the tree show themselves as the power of wisdom, regardless of the number of annual rings.<\/p>\n<p>N\u00e4m\u00e4 korvakorut yhdist\u00e4v\u00e4t luonnon ja tyylin t\u00e4ydellisesti. Korvakorujen muotoilu on inspiroitu puiden juurista ja niiden soljuvasta kauneudesta.<\/p>\n<p>Juuret-korvakorut ovat kevyet ja mukavat k\u00e4ytt\u00e4\u00e4, ja ne sopivat erinomaisesti arkeen ja juhlaan. Niiden minimalistinen tyyli ja luonnonl\u00e4heinen ulkon\u00e4k\u00f6 tekev\u00e4t niist\u00e4 monipuoliset ja helppoja yhdist\u00e4\u00e4 erilaisiin asuihin. Ne ovat t\u00e4ydellinen lahja luonnon yst\u00e4ville ja niille, jotka arvostavat kauniita yksityiskohtia koruissaan.<\/p>\n<p>Anna Juurien tuoda luonnon kauneus ja harmonia el\u00e4m\u00e4\u00e4si. Ne ovat enemm\u00e4n kuin korut \u2013 ne ovat muistutus juuristamme ja siit\u00e4, miten voimme yhdisty\u00e4 luontoon tyylikkyyden kautta.<\/p>\n<p>Korvakorut on saatavana 5 cm kokoisena.<\/p>\n<p>The earring hooks and rings are surgical steel. Silicone plugs are also included.<\/p>","protected":false},"excerpt":{"rendered":"<p>Kaikella on alku ja juuri. Juuret kertovat alkuvoimasta ja kuljettavat meid\u00e4t syntysijojen alkul\u00e4hteille. Puun juuret n\u00e4ytt\u00e4ytyv\u00e4t viisauden voimana, vuosirenkaiden m\u00e4\u00e4r\u00e4st\u00e4 riippumatta. N\u00e4m\u00e4 korvakorut yhdist\u00e4v\u00e4t luonnon ja tyylin t\u00e4ydellisesti. Korvakorujen muotoilu on inspiroitu puiden juurista ja niiden soljuvasta kauneudesta. Juuret-korvakorut ovat kevyet ja mukavat k\u00e4ytt\u00e4\u00e4, ja ne sopivat erinomaisesti arkeen ja juhlaan. Niiden minimalistinen tyyli ja [&hellip;]<\/p>","protected":false},"featured_media":206,"comment_status":"open","ping_status":"closed","template":"","meta":[],"product_brand":[],"product_cat":[21],"product_tag":[153],"class_list":{"0":"post-106","1":"product","2":"type-product","3":"status-publish","4":"has-post-thumbnail","6":"product_cat-korut","7":"product_tag-etusivu-en","9":"first","10":"instock","11":"taxable","12":"shipping-taxable","13":"purchasable","14":"product-type-variable"},"_links":{"self":[{"href":"https:\/\/gmoodi.fi\/en\/wp-json\/wp\/v2\/product\/106","targetHints":{"allow":["GET"]}}],"collection":[{"href":"https:\/\/gmoodi.fi\/en\/wp-json\/wp\/v2\/product"}],"about":[{"href":"https:\/\/gmoodi.fi\/en\/wp-json\/wp\/v2\/types\/product"}],"replies":[{"embeddable":true,"href":"https:\/\/gmoodi.fi\/en\/wp-json\/wp\/v2\/comments?post=106"}],"wp:featuredmedia":[{"embeddable":true,"href":"https:\/\/gmoodi.fi\/en\/wp-json\/wp\/v2\/media\/206"}],"wp:attachment":[{"href":"https:\/\/gmoodi.fi\/en\/wp-json\/wp\/v2\/media?parent=106"}],"wp:term":[{"taxonomy":"product_brand","embeddable":true,"href":"https:\/\/gmoodi.fi\/en\/wp-json\/wp\/v2\/product_brand?post=106"},{"taxonomy":"product_cat","embeddable":true,"href":"https:\/\/gmoodi.fi\/en\/wp-json\/wp\/v2\/product_cat?post=106"},{"taxonomy":"product_tag","embeddable":true,"href":"https:\/\/gmoodi.fi\/en\/wp-json\/wp\/v2\/product_tag?post=106"}],"curies":[{"name":"wp","href":"https:\/\/api.w.org\/{rel}","templated":true}]}}