{"id":109,"date":"2024-09-23T09:16:00","date_gmt":"2024-09-23T06:16:00","guid":{"rendered":"https:\/\/gmoodi.fi\/?post_type=product&#038;p=109"},"modified":"2026-02-12T14:23:59","modified_gmt":"2026-02-12T11:23:59","slug":"branch-earrings","status":"publish","type":"product","link":"https:\/\/gmoodi.fi\/en\/product\/branch-earrings\/","title":{"rendered":"Branches earrings"},"content":{"rendered":"<p>Branches provide shelter, make a home possible, bind to the tree, understand the wind and remember for a long time.<\/p>\n<p>N\u00e4m\u00e4 koivuvaneriset korvakorut ovat luonnonl\u00e4heinen ja tyylik\u00e4s lis\u00e4ys koruvalikoimaasi. Korut on valmistettu kotimaisesta koivuvanerista, joka tuo mukanaan luonnollisen l\u00e4mm\u00f6n ja keveyden. Laserleikattujen korvakorujen muotoilu on inspiroitu kauniista oksista ja niiden herkist\u00e4 yksityiskohdista.<\/p>\n<p>Korvakorujen herkk\u00e4 ja minimalistinen ilme tekee niist\u00e4 monik\u00e4ytt\u00f6iset, sopien niin arkeen kuin erityisiin tilaisuuksiin. Voit yhdistell\u00e4 niit\u00e4 eri asukokonaisuuksiin ja tuoda luontoelementtej\u00e4 tyyliisi. Ne ovat my\u00f6s erinomainen lahjaidea luonnon yst\u00e4ville ja koruja arvostaville ihmisille.<\/p>\n<p>Korvakorut on saatavana 4 cm kokoisena.<\/p>\n<p>The earring hooks and rings are surgical steel. Silicone plugs are also included.<\/p>","protected":false},"excerpt":{"rendered":"<p>Oksat antavat suojan, mahdollistavat kodin, sitoutuvat puuhun, ymm\u00e4rt\u00e4v\u00e4t tuulen ja muistavat kauan. N\u00e4m\u00e4 koivuvaneriset korvakorut ovat luonnonl\u00e4heinen ja tyylik\u00e4s lis\u00e4ys koruvalikoimaasi. Korut on valmistettu kotimaisesta koivuvanerista, joka tuo mukanaan luonnollisen l\u00e4mm\u00f6n ja keveyden. Laserleikattujen korvakorujen muotoilu on inspiroitu kauniista oksista ja niiden herkist\u00e4 yksityiskohdista. Korvakorujen herkk\u00e4 ja minimalistinen ilme tekee niist\u00e4 monik\u00e4ytt\u00f6iset, sopien niin arkeen [&hellip;]<\/p>","protected":false},"featured_media":208,"comment_status":"open","ping_status":"closed","template":"","meta":[],"product_brand":[],"product_cat":[21],"product_tag":[],"class_list":{"0":"post-109","1":"product","2":"type-product","3":"status-publish","4":"has-post-thumbnail","6":"product_cat-korut","8":"first","9":"instock","10":"taxable","11":"shipping-taxable","12":"purchasable","13":"product-type-variable"},"_links":{"self":[{"href":"https:\/\/gmoodi.fi\/en\/wp-json\/wp\/v2\/product\/109","targetHints":{"allow":["GET"]}}],"collection":[{"href":"https:\/\/gmoodi.fi\/en\/wp-json\/wp\/v2\/product"}],"about":[{"href":"https:\/\/gmoodi.fi\/en\/wp-json\/wp\/v2\/types\/product"}],"replies":[{"embeddable":true,"href":"https:\/\/gmoodi.fi\/en\/wp-json\/wp\/v2\/comments?post=109"}],"wp:featuredmedia":[{"embeddable":true,"href":"https:\/\/gmoodi.fi\/en\/wp-json\/wp\/v2\/media\/208"}],"wp:attachment":[{"href":"https:\/\/gmoodi.fi\/en\/wp-json\/wp\/v2\/media?parent=109"}],"wp:term":[{"taxonomy":"product_brand","embeddable":true,"href":"https:\/\/gmoodi.fi\/en\/wp-json\/wp\/v2\/product_brand?post=109"},{"taxonomy":"product_cat","embeddable":true,"href":"https:\/\/gmoodi.fi\/en\/wp-json\/wp\/v2\/product_cat?post=109"},{"taxonomy":"product_tag","embeddable":true,"href":"https:\/\/gmoodi.fi\/en\/wp-json\/wp\/v2\/product_tag?post=109"}],"curies":[{"name":"wp","href":"https:\/\/api.w.org\/{rel}","templated":true}]}}