{"id":112,"date":"2024-09-23T09:16:01","date_gmt":"2024-09-23T06:16:01","guid":{"rendered":"https:\/\/gmoodi.fi\/?post_type=product&#038;p=112"},"modified":"2026-02-12T14:20:02","modified_gmt":"2026-02-12T11:20:02","slug":"horizon-earrings","status":"publish","type":"product","link":"https:\/\/gmoodi.fi\/en\/product\/horizon-earrings\/","title":{"rendered":"Horizon earrings"},"content":{"rendered":"<p>A horizon ends where a new one begins. You can paint horizon endlessly, and when changing the color spectrum, the only limit is your imagination.<\/p>\n<p>Horisontti-korvakorut yhdist\u00e4v\u00e4t luonnon kauneuden ja elegantin muotoilun ainutlaatuisella tavalla. N\u00e4m\u00e4 korvakorut on valmistettu laadukkaasta kotimaisesta koivuvanerista, mik\u00e4 tekee niist\u00e4 ymp\u00e4rist\u00f6yst\u00e4v\u00e4llisen ja tyylikk\u00e4\u00e4n valinnan.<\/p>\n<p>N\u00e4m\u00e4 korvikset ovat kevyet ja mukavat k\u00e4ytt\u00e4\u00e4, joten voit pit\u00e4\u00e4 niit\u00e4 koko p\u00e4iv\u00e4n ajan. Niiden minimalistinen tyyli tekee niist\u00e4 sopivat niin arkeen kuin juhlaankin, ja ne ovat helppo yhdist\u00e4\u00e4 erilaisiin asuihin ja tyyleihin.<\/p>\n<p>Horisontti-korvakorut ovat enemm\u00e4n kuin pelk\u00e4t korut \u2013 ne ovat muistutus horisontin kauneudesta ja siit\u00e4, kuinka t\u00e4rke\u00e4\u00e4 on pys\u00e4hty\u00e4 hetkeksi ihailemaan luontoa ymp\u00e4rill\u00e4mme. Hanki omasi ja anna niiden inspiroida sinua p\u00e4ivitt\u00e4in.<\/p>\n<p>Korvakorut on saatavana 4 cm ja 5 cm kokoisena.<\/p>\n<p>The earring hooks and rings are surgical steel. Silicone plugs are also included.<\/p>","protected":false},"excerpt":{"rendered":"<p>Horisontti loppuu sinne, miss\u00e4 uusi alkaa. Taivaanrantaa voi maalata loputtomiin ja v\u00e4rikirjoa vaihtaessa vain mielikuvitus on rajana. Horisontti-korvakorut yhdist\u00e4v\u00e4t luonnon kauneuden ja elegantin muotoilun ainutlaatuisella tavalla. N\u00e4m\u00e4 korvakorut on valmistettu laadukkaasta kotimaisesta koivuvanerista, mik\u00e4 tekee niist\u00e4 ymp\u00e4rist\u00f6yst\u00e4v\u00e4llisen ja tyylikk\u00e4\u00e4n valinnan. N\u00e4m\u00e4 korvikset ovat kevyet ja mukavat k\u00e4ytt\u00e4\u00e4, joten voit pit\u00e4\u00e4 niit\u00e4 koko p\u00e4iv\u00e4n ajan. Niiden [&hellip;]<\/p>","protected":false},"featured_media":336,"comment_status":"open","ping_status":"closed","template":"","meta":[],"product_brand":[],"product_cat":[21],"product_tag":[],"class_list":{"0":"post-112","1":"product","2":"type-product","3":"status-publish","4":"has-post-thumbnail","6":"product_cat-korut","8":"first","9":"instock","10":"taxable","11":"shipping-taxable","12":"purchasable","13":"product-type-variable"},"_links":{"self":[{"href":"https:\/\/gmoodi.fi\/en\/wp-json\/wp\/v2\/product\/112","targetHints":{"allow":["GET"]}}],"collection":[{"href":"https:\/\/gmoodi.fi\/en\/wp-json\/wp\/v2\/product"}],"about":[{"href":"https:\/\/gmoodi.fi\/en\/wp-json\/wp\/v2\/types\/product"}],"replies":[{"embeddable":true,"href":"https:\/\/gmoodi.fi\/en\/wp-json\/wp\/v2\/comments?post=112"}],"wp:featuredmedia":[{"embeddable":true,"href":"https:\/\/gmoodi.fi\/en\/wp-json\/wp\/v2\/media\/336"}],"wp:attachment":[{"href":"https:\/\/gmoodi.fi\/en\/wp-json\/wp\/v2\/media?parent=112"}],"wp:term":[{"taxonomy":"product_brand","embeddable":true,"href":"https:\/\/gmoodi.fi\/en\/wp-json\/wp\/v2\/product_brand?post=112"},{"taxonomy":"product_cat","embeddable":true,"href":"https:\/\/gmoodi.fi\/en\/wp-json\/wp\/v2\/product_cat?post=112"},{"taxonomy":"product_tag","embeddable":true,"href":"https:\/\/gmoodi.fi\/en\/wp-json\/wp\/v2\/product_tag?post=112"}],"curies":[{"name":"wp","href":"https:\/\/api.w.org\/{rel}","templated":true}]}}