{"id":127,"date":"2024-09-23T09:28:15","date_gmt":"2024-09-23T06:28:15","guid":{"rendered":"https:\/\/gmoodi.fi\/?post_type=product&#038;p=127"},"modified":"2024-10-14T20:34:42","modified_gmt":"2024-10-14T17:34:42","slug":"wedding-wreath","status":"publish","type":"product","link":"https:\/\/gmoodi.fi\/en\/product\/wedding-wreath\/","title":{"rendered":"Wedding wreath"},"content":{"rendered":"<p>The striking birch plywood wedding wreath with its own text is beautiful as it is, but can also be easily customized with, for example, plants.<\/p>\n<p>This wonderful wreath frame can be designed with a text, just letters or a large pattern, whatever suits the wedding style. The wreath in the product image uses the wedding logo designed for the wedding couple, which has already appeared in the wedding invitation.<\/p>\n<p>The largest wedding wreath available is 60 cm in diameter, but it is also available in a smaller size. The crown frame can also be implemented without a mounting ring, it is only mentioned in the additional information of the order.<\/p>\n<p>The wedding wreath frame is a wonderful memory of the wedding and a beautiful decoration element to hang in, for example, your own bedroom.<\/p>","protected":false},"excerpt":{"rendered":"<p>The striking birch plywood wedding wreath with its own text is beautiful as it is, but can also be easily customized with, for example, plants.<\/p>\n<p>This wonderful wreath frame can be designed with a text, just letters or a large pattern, whatever suits the wedding style. The wreath in the product image uses the wedding logo designed for the wedding couple, which has already appeared in the wedding invitation.<\/p>\n<p>The largest wedding wreath available is 60 cm in diameter, but it is also available in a smaller size. The crown frame can also be implemented without a mounting ring, it is only mentioned in the additional information of the order.<\/p>\n<p>The wedding wreath frame is a wonderful memory of the wedding and a beautiful decoration element to hang in, for example, your own bedroom.<\/p>\n<p>T\u00e4m\u00e4n personoitavan tuotteen toimitusaika on 1 - 2 viikkoa vedoksen hyv\u00e4ksymisest\u00e4.<\/p>\n<p>All our products are designed, handpainted and manufactured in Finland, Sein\u00e4joki from finnish plywood.<\/p>","protected":false},"featured_media":218,"comment_status":"open","ping_status":"closed","template":"","meta":[],"product_brand":[],"product_cat":[22],"product_tag":[],"class_list":{"0":"post-127","1":"product","2":"type-product","3":"status-publish","4":"has-post-thumbnail","6":"product_cat-haakoristeet-ja-kutsut","7":"product_shipping_class-paketti","9":"first","10":"instock","11":"taxable","12":"shipping-taxable","13":"purchasable","14":"product-type-simple"},"_links":{"self":[{"href":"https:\/\/gmoodi.fi\/en\/wp-json\/wp\/v2\/product\/127","targetHints":{"allow":["GET"]}}],"collection":[{"href":"https:\/\/gmoodi.fi\/en\/wp-json\/wp\/v2\/product"}],"about":[{"href":"https:\/\/gmoodi.fi\/en\/wp-json\/wp\/v2\/types\/product"}],"replies":[{"embeddable":true,"href":"https:\/\/gmoodi.fi\/en\/wp-json\/wp\/v2\/comments?post=127"}],"wp:featuredmedia":[{"embeddable":true,"href":"https:\/\/gmoodi.fi\/en\/wp-json\/wp\/v2\/media\/218"}],"wp:attachment":[{"href":"https:\/\/gmoodi.fi\/en\/wp-json\/wp\/v2\/media?parent=127"}],"wp:term":[{"taxonomy":"product_brand","embeddable":true,"href":"https:\/\/gmoodi.fi\/en\/wp-json\/wp\/v2\/product_brand?post=127"},{"taxonomy":"product_cat","embeddable":true,"href":"https:\/\/gmoodi.fi\/en\/wp-json\/wp\/v2\/product_cat?post=127"},{"taxonomy":"product_tag","embeddable":true,"href":"https:\/\/gmoodi.fi\/en\/wp-json\/wp\/v2\/product_tag?post=127"}],"curies":[{"name":"wp","href":"https:\/\/api.w.org\/{rel}","templated":true}]}}