{"id":129,"date":"2024-09-23T09:28:15","date_gmt":"2024-09-23T06:28:15","guid":{"rendered":"https:\/\/gmoodi.fi\/?post_type=product&#038;p=129"},"modified":"2026-04-12T18:25:06","modified_gmt":"2026-04-12T15:25:06","slug":"wedding-table-name-tags","status":"publish","type":"product","link":"https:\/\/gmoodi.fi\/en\/product\/wedding-table-name-tags\/","title":{"rendered":"Wedding table name tags"},"content":{"rendered":"<p>Name tags made of birch plywood tell the guest's seat by name, but are also a beautiful and lasting memory of the wedding for the guest to take home.<\/p>\n<p>The seat tags can be made in the shape and size you want, with or without a hole, and the guest's name can be engraved on it in a font that matches the wedding style of the wedding couple.<\/p>\n<p>The minimum order quantity of the product is 20 pieces. The delivery time for personalized products is approx. 2 weeks from the approval of the design, this should be taken into account when ordering wedding products.<\/p>","protected":false},"excerpt":{"rendered":"<p>The place sign made of birch plywood tells the guest where to sit, but is also a beautiful and lasting memory of the wedding for the guest to take home.<\/p>\n<p>The seat tags can be made in the shape and size you want, with or without a hole, and the guest's name can be engraved on it in a font that matches the wedding style of the wedding couple.<\/p>\n<p>Paikkakyltin hinta m\u00e4\u00e4r\u00e4ytyy tapauskohtaisesti mutta kappalehinta on noin 2 euroa kun tilausm\u00e4\u00e4r\u00e4 on 100 kpl.<\/p>\n<p>Toimitusaika personoitavilla tuotteilla on n. 2 viikkoa vedoksen hyv\u00e4ksymisest\u00e4, t\u00e4m\u00e4 kannattaa ottaa huomioon h\u00e4\u00e4tuotteita tilatessa.<\/p>\n<p>All our products are designed, handpainted and manufactured in Finland, Sein\u00e4joki from finnish plywood.<\/p>","protected":false},"featured_media":3691,"comment_status":"open","ping_status":"closed","template":"","meta":[],"product_brand":[],"product_cat":[22],"product_tag":[],"class_list":{"0":"post-129","1":"product","2":"type-product","3":"status-publish","4":"has-post-thumbnail","6":"product_cat-haakoristeet-ja-kutsut","7":"product_shipping_class-paketti","9":"first","10":"instock","11":"taxable","12":"shipping-taxable","13":"purchasable","14":"product-type-variable"},"_links":{"self":[{"href":"https:\/\/gmoodi.fi\/en\/wp-json\/wp\/v2\/product\/129","targetHints":{"allow":["GET"]}}],"collection":[{"href":"https:\/\/gmoodi.fi\/en\/wp-json\/wp\/v2\/product"}],"about":[{"href":"https:\/\/gmoodi.fi\/en\/wp-json\/wp\/v2\/types\/product"}],"replies":[{"embeddable":true,"href":"https:\/\/gmoodi.fi\/en\/wp-json\/wp\/v2\/comments?post=129"}],"wp:featuredmedia":[{"embeddable":true,"href":"https:\/\/gmoodi.fi\/en\/wp-json\/wp\/v2\/media\/3691"}],"wp:attachment":[{"href":"https:\/\/gmoodi.fi\/en\/wp-json\/wp\/v2\/media?parent=129"}],"wp:term":[{"taxonomy":"product_brand","embeddable":true,"href":"https:\/\/gmoodi.fi\/en\/wp-json\/wp\/v2\/product_brand?post=129"},{"taxonomy":"product_cat","embeddable":true,"href":"https:\/\/gmoodi.fi\/en\/wp-json\/wp\/v2\/product_cat?post=129"},{"taxonomy":"product_tag","embeddable":true,"href":"https:\/\/gmoodi.fi\/en\/wp-json\/wp\/v2\/product_tag?post=129"}],"curies":[{"name":"wp","href":"https:\/\/api.w.org\/{rel}","templated":true}]}}