{"id":151,"date":"2024-09-23T09:28:01","date_gmt":"2024-09-23T06:28:01","guid":{"rendered":"https:\/\/gmoodi.fi\/?post_type=product&#038;p=151"},"modified":"2026-05-07T13:11:03","modified_gmt":"2026-05-07T10:11:03","slug":"cake-topper-with-your-own-text","status":"publish","type":"product","link":"https:\/\/gmoodi.fi\/en\/product\/cake-topper-with-your-own-text\/","title":{"rendered":"Cake Topper with your own text"},"content":{"rendered":"<p>At memorable parties, the serving table is crowned by the name decoration of the hero of the party \ud83d\udda4<\/p>\n<p>Koivuvanerinen kakkukoriste on kaunis ja n\u00e4ytt\u00e4v\u00e4. Puinen koriste voidaan valmistaa sankarin omalla nimell\u00e4, onnentoivotuksilla, kuviolla tai vaikka p\u00e4iv\u00e4m\u00e4\u00e4r\u00e4ll\u00e4, mik\u00e4 juhliisi ikin\u00e4 sopiikaan. Koriste on kest\u00e4v\u00e4 ja sen voi s\u00e4ilytt\u00e4\u00e4 muistona juhlien j\u00e4lkeen. Voit leikata kakkukoristeesta tikun irti ja n\u00e4in saat vaikka nimikyltin lastenhuoneen oveen tai sein\u00e4lle.<\/p>\n<p>We always send a design to the customer's email for approval before the final implementation. The delivery time of our personalized products is about 1-2 weeks.<\/p>\n<p>G-moodilla on elintarvikeviranomaisen my\u00f6nt\u00e4m\u00e4 lupa kakkukoristeiden valmistamiseen.<\/p>","protected":false},"excerpt":{"rendered":"<p>At memorable parties, the serving table is crowned by the name decoration of the hero of the party \ud83d\udda4<\/p>\n<p>Cake decorations made of birch plywood are beautiful and showy. The wooden decoration can be made with the hero's own name, good luck wishes, a pattern or even a date, whatever suits your party. The decoration is durable and can be kept as a memory after the party. You can cut a stick out of the cake decoration and this way you can have a name sign on the door or wall of the Children's room. The wooden cake decoration is treated with a wood preservative during manufacture.<\/p>\n<p>We always send a design to the customer's email for approval before the final implementation. The delivery time of our personalized products is about 1-2 weeks.<\/p>\n<p>All our products are designed and manufactured in Finland, in Sein\u00e4joki.<\/p>\n<p>Jos mieless\u00e4 on jokin muu v\u00e4ri, ota rohkeasti yhteytt\u00e4,<\/p>","protected":false},"featured_media":226,"comment_status":"open","ping_status":"closed","template":"","meta":[],"product_brand":[],"product_cat":[177],"product_tag":[122,123],"class_list":{"0":"post-151","1":"product","2":"type-product","3":"status-publish","4":"has-post-thumbnail","6":"product_cat-sisustus","7":"product_tag-kakkukoristeet","8":"product_tag-personoitavat","9":"product_shipping_class-paketti","11":"first","12":"instock","13":"taxable","14":"shipping-taxable","15":"purchasable","16":"product-type-variable"},"_links":{"self":[{"href":"https:\/\/gmoodi.fi\/en\/wp-json\/wp\/v2\/product\/151","targetHints":{"allow":["GET"]}}],"collection":[{"href":"https:\/\/gmoodi.fi\/en\/wp-json\/wp\/v2\/product"}],"about":[{"href":"https:\/\/gmoodi.fi\/en\/wp-json\/wp\/v2\/types\/product"}],"replies":[{"embeddable":true,"href":"https:\/\/gmoodi.fi\/en\/wp-json\/wp\/v2\/comments?post=151"}],"wp:featuredmedia":[{"embeddable":true,"href":"https:\/\/gmoodi.fi\/en\/wp-json\/wp\/v2\/media\/226"}],"wp:attachment":[{"href":"https:\/\/gmoodi.fi\/en\/wp-json\/wp\/v2\/media?parent=151"}],"wp:term":[{"taxonomy":"product_brand","embeddable":true,"href":"https:\/\/gmoodi.fi\/en\/wp-json\/wp\/v2\/product_brand?post=151"},{"taxonomy":"product_cat","embeddable":true,"href":"https:\/\/gmoodi.fi\/en\/wp-json\/wp\/v2\/product_cat?post=151"},{"taxonomy":"product_tag","embeddable":true,"href":"https:\/\/gmoodi.fi\/en\/wp-json\/wp\/v2\/product_tag?post=151"}],"curies":[{"name":"wp","href":"https:\/\/api.w.org\/{rel}","templated":true}]}}