{"id":1694,"date":"2024-09-23T09:27:59","date_gmt":"2024-09-23T06:27:59","guid":{"rendered":"https:\/\/gmoodi.fi\/?post_type=product&#038;p=1694"},"modified":"2026-05-13T09:09:21","modified_gmt":"2026-05-13T06:09:21","slug":"lyre-cake-decoration","status":"publish","type":"product","link":"https:\/\/gmoodi.fi\/en\/product\/lyre-cake-decoration\/","title":{"rendered":"Lyre cake decoration"},"content":{"rendered":"<p>This stylish birch plywood Lyra is perfect for decorating a graduation party cake!<\/p>\n<p>Kakkukoristeen leveys on noin 8cm.<\/p>\n<p>G-moodilla on elintarvikeviranomaisen my\u00f6nt\u00e4m\u00e4 lupa kakkukoristeiden valmistamiseen. Koristeen mukana toimitetaan ohje turvalliseen k\u00e4ytt\u00f6\u00f6n sek\u00e4 suojamateriaali.<\/p>\n<p>&nbsp;<\/p>","protected":false},"excerpt":{"rendered":"<p>This stylish birch plywood Lyra is perfect for decorating a graduation party cake!<\/p>\n<p>Kakkukoristeen leveys on noin 8cm.<\/p>\n<p>All our products are designed, handpainted and manufactured in Finland, Sein\u00e4joki from finnish plywood.<\/p>\n<p>G-moodilla on elintarvikeviranomaisen my\u00f6nt\u00e4m\u00e4 lupa kakkukoristeiden valmistamiseen. Koristeen mukana toimitetaan ohje turvalliseen k\u00e4ytt\u00f6\u00f6n sek\u00e4 suojamateriaali.<\/p>\n<p>&nbsp;<\/p>","protected":false},"featured_media":3064,"comment_status":"open","ping_status":"closed","template":"","meta":[],"product_brand":[],"product_cat":[177],"product_tag":[],"class_list":{"0":"post-1694","1":"product","2":"type-product","3":"status-publish","4":"has-post-thumbnail","6":"product_cat-sisustus","7":"product_shipping_class-paketti","9":"first","10":"instock","11":"taxable","12":"shipping-taxable","13":"purchasable","14":"product-type-simple"},"_links":{"self":[{"href":"https:\/\/gmoodi.fi\/en\/wp-json\/wp\/v2\/product\/1694","targetHints":{"allow":["GET"]}}],"collection":[{"href":"https:\/\/gmoodi.fi\/en\/wp-json\/wp\/v2\/product"}],"about":[{"href":"https:\/\/gmoodi.fi\/en\/wp-json\/wp\/v2\/types\/product"}],"replies":[{"embeddable":true,"href":"https:\/\/gmoodi.fi\/en\/wp-json\/wp\/v2\/comments?post=1694"}],"wp:featuredmedia":[{"embeddable":true,"href":"https:\/\/gmoodi.fi\/en\/wp-json\/wp\/v2\/media\/3064"}],"wp:attachment":[{"href":"https:\/\/gmoodi.fi\/en\/wp-json\/wp\/v2\/media?parent=1694"}],"wp:term":[{"taxonomy":"product_brand","embeddable":true,"href":"https:\/\/gmoodi.fi\/en\/wp-json\/wp\/v2\/product_brand?post=1694"},{"taxonomy":"product_cat","embeddable":true,"href":"https:\/\/gmoodi.fi\/en\/wp-json\/wp\/v2\/product_cat?post=1694"},{"taxonomy":"product_tag","embeddable":true,"href":"https:\/\/gmoodi.fi\/en\/wp-json\/wp\/v2\/product_tag?post=1694"}],"curies":[{"name":"wp","href":"https:\/\/api.w.org\/{rel}","templated":true}]}}