{"id":1975,"date":"2024-09-23T09:28:10","date_gmt":"2024-09-23T06:28:10","guid":{"rendered":"https:\/\/gmoodi.fi\/?post_type=product&#038;p=1975"},"modified":"2026-02-06T09:56:32","modified_gmt":"2026-02-06T06:56:32","slug":"birth-plaque","status":"publish","type":"product","link":"https:\/\/gmoodi.fi\/en\/product\/birth-plaque\/","title":{"rendered":"Birth Plaque"},"content":{"rendered":"<p>Round birth plaque made of Finnish birch plywood, on which important information about the first moments of the child's life is engraved. This beautiful and timeless keepsake is the perfect way to capture important information and share the joy of the birth of a new family member.<\/p>\n<p>The plaque is made of high-quality Finnish birch plywood, so it is both durable and attractive. Birch plywood gives it a natural and warm look, which is perfect for the beginning of a new life symbolized by the board. The round shape creates a soft and harmonious look, which is perfect for decorating a story about the birth of a child.<\/p>\n<p>Each birth plaque is carefully engraved with individual information such as the child's name, date and time of birth, and birth weight and height. This gives the board a unique meaning and makes it an irreplaceable memory for the family.<\/p>\n<p>Wooden birth plaque is an excellent gift idea for parents, grandparents or close friends to celebrate the birth of a child. It also works as a beautiful decoration element in the child's room or in other areas of the home. The board can be hung on the wall or placed in the included stand, so that it is always visible and brings joy to everyday life.<\/p>\n<p>The diameter of the plaque is 20 cm<\/p>","protected":false},"excerpt":{"rendered":"<p>T\u00e4h\u00e4n herkk\u00e4\u00e4n koivuvaneriseen syntym\u00e4tauluun ikuistat kaikki vauvan t\u00e4rke\u00e4t tiedot syntym\u00e4painosta ja -pituudesta aina vauvan syntym\u00e4p\u00e4iv\u00e4\u00e4n ja nimeen. Taulun mukana tulee my\u00f6s pieni jalusta, jonka avulla se pysyy kauniisti pystyss\u00e4. Syntym\u00e4taulu sopii mainiosti koristeeksi niin hyllynreunalle kuin vaikkapa risti\u00e4isp\u00f6yt\u00e4\u00e4n. Taulun halkaisija on 20 cm.<\/p>\n<p>The delivery time of our personalized products is about 1-2 weeks.<\/p>\n<p>All our products are designed, handpainted and manufactured in Finland, Sein\u00e4joki from finnish plywood.<\/p>","protected":false},"featured_media":1980,"comment_status":"open","ping_status":"closed","template":"","meta":[],"product_brand":[],"product_cat":[177],"product_tag":[153,152],"class_list":{"0":"post-1975","1":"product","2":"type-product","3":"status-publish","4":"has-post-thumbnail","6":"product_cat-sisustus","7":"product_tag-etusivu-en","8":"product_tag-etusivu-fi","9":"product_shipping_class-paketti","11":"first","12":"instock","13":"taxable","14":"shipping-taxable","15":"purchasable","16":"product-type-simple"},"_links":{"self":[{"href":"https:\/\/gmoodi.fi\/en\/wp-json\/wp\/v2\/product\/1975","targetHints":{"allow":["GET"]}}],"collection":[{"href":"https:\/\/gmoodi.fi\/en\/wp-json\/wp\/v2\/product"}],"about":[{"href":"https:\/\/gmoodi.fi\/en\/wp-json\/wp\/v2\/types\/product"}],"replies":[{"embeddable":true,"href":"https:\/\/gmoodi.fi\/en\/wp-json\/wp\/v2\/comments?post=1975"}],"wp:featuredmedia":[{"embeddable":true,"href":"https:\/\/gmoodi.fi\/en\/wp-json\/wp\/v2\/media\/1980"}],"wp:attachment":[{"href":"https:\/\/gmoodi.fi\/en\/wp-json\/wp\/v2\/media?parent=1975"}],"wp:term":[{"taxonomy":"product_brand","embeddable":true,"href":"https:\/\/gmoodi.fi\/en\/wp-json\/wp\/v2\/product_brand?post=1975"},{"taxonomy":"product_cat","embeddable":true,"href":"https:\/\/gmoodi.fi\/en\/wp-json\/wp\/v2\/product_cat?post=1975"},{"taxonomy":"product_tag","embeddable":true,"href":"https:\/\/gmoodi.fi\/en\/wp-json\/wp\/v2\/product_tag?post=1975"}],"curies":[{"name":"wp","href":"https:\/\/api.w.org\/{rel}","templated":true}]}}