{"id":3244,"date":"2024-09-23T09:28:00","date_gmt":"2024-09-23T06:28:00","guid":{"rendered":"https:\/\/gmoodi.fi\/tuote\/lahjakortti\/"},"modified":"2024-10-14T20:34:43","modified_gmt":"2024-10-14T17:34:43","slug":"gift-card","status":"publish","type":"product","link":"https:\/\/gmoodi.fi\/en\/product\/gift-card\/","title":{"rendered":"Gift Card"},"content":{"rendered":"<p>A gift card to our online store is a great gift idea! It is suitable for all kinds of remembering, because our online store is a great place to find something for everyone.<\/p>\n<p>The gift card can currently only be purchased in a digital version, which we deliver either to your or the gift card recipient's email address. The card contains a code for the online store, which can be used as many times as there is balance left on the card and is valid for one year from the date of order.<\/p>","protected":false},"excerpt":{"rendered":"<p>Lahjakortti G-moodin verkkokauppaan on loistava lahjaidea! Se on sopiva kaikenlaiseen muistamiseen, sill\u00e4 verkkokaupastamme l\u00f6ytyy varmasti jokaiselle jotakin mieluisaa. Lahjakortin voi ostaa t\u00e4ll\u00e4 hetkell\u00e4 ainoastaan digitaalisena versiona, jonka toimitamme joko sinun tai lahjakortin vastaanottajan s\u00e4hk\u00f6postiosoitteeseen. Kortti sis\u00e4lt\u00e4\u00e4 koodin verkkokauppaan, jota voi k\u00e4ytt\u00e4\u00e4 niin monta kertaa kun kortissa on saldoa j\u00e4ljell\u00e4 ja se on voimassa yhden vuoden [&hellip;]<\/p>","protected":false},"featured_media":1156,"comment_status":"open","ping_status":"closed","template":"","meta":[],"product_brand":[],"product_cat":[25],"product_tag":[],"class_list":{"0":"post-3244","1":"product","2":"type-product","3":"status-publish","4":"has-post-thumbnail","6":"product_cat-lahjakortit","8":"first","9":"instock","10":"purchasable","11":"product-type-pw-gift-card"},"_links":{"self":[{"href":"https:\/\/gmoodi.fi\/en\/wp-json\/wp\/v2\/product\/3244","targetHints":{"allow":["GET"]}}],"collection":[{"href":"https:\/\/gmoodi.fi\/en\/wp-json\/wp\/v2\/product"}],"about":[{"href":"https:\/\/gmoodi.fi\/en\/wp-json\/wp\/v2\/types\/product"}],"replies":[{"embeddable":true,"href":"https:\/\/gmoodi.fi\/en\/wp-json\/wp\/v2\/comments?post=3244"}],"wp:featuredmedia":[{"embeddable":true,"href":"https:\/\/gmoodi.fi\/en\/wp-json\/wp\/v2\/media\/1156"}],"wp:attachment":[{"href":"https:\/\/gmoodi.fi\/en\/wp-json\/wp\/v2\/media?parent=3244"}],"wp:term":[{"taxonomy":"product_brand","embeddable":true,"href":"https:\/\/gmoodi.fi\/en\/wp-json\/wp\/v2\/product_brand?post=3244"},{"taxonomy":"product_cat","embeddable":true,"href":"https:\/\/gmoodi.fi\/en\/wp-json\/wp\/v2\/product_cat?post=3244"},{"taxonomy":"product_tag","embeddable":true,"href":"https:\/\/gmoodi.fi\/en\/wp-json\/wp\/v2\/product_tag?post=3244"}],"curies":[{"name":"wp","href":"https:\/\/api.w.org\/{rel}","templated":true}]}}