{"id":3407,"date":"2024-09-23T09:16:02","date_gmt":"2024-09-23T06:16:02","guid":{"rendered":"https:\/\/gmoodi.fi\/?post_type=product&#038;p=3407"},"modified":"2026-03-12T12:46:40","modified_gmt":"2026-03-12T09:46:40","slug":"earring-organizer","status":"publish","type":"product","link":"https:\/\/gmoodi.fi\/en\/product\/earring-organizer\/","title":{"rendered":"Earring Organizer"},"content":{"rendered":"<p>The earrings organizer made of birch plywood is designed to keep all your earrings organized. In this timeless and light rack, you can beautifully display both stud earrings and hanging earrings and even necklaces<\/p>\n<p>The wooden stand includes a black suede strap for hanging the stand, and placing and removing jewelry from the stand is effortless. The ear studs can be firmly attached to the notches with the help of the ears' own stoppers.<\/p>\n<p>The stand is made of 3 mm thick Finnish birch plywood. The color options include both a birch-colored and a black stand. The height of the stand is 30 cm and the width is 20 cm.<\/p>","protected":false},"excerpt":{"rendered":"<p>Koivuvanerinen koruteline on suunniteltu pit\u00e4m\u00e4\u00e4n j\u00e4rjestyksess\u00e4 kaikki korusi. T\u00e4h\u00e4n ajattomaan ja ilmavaan telineeseen saa kauniisti esille niin nappikorvikset kuin roikkuvat korva- ja kaulakorutkin. Puinen teline sis\u00e4lt\u00e4\u00e4 mustan mokkanauhan telineen ripustamiseen ja korujen asettaminen sek\u00e4 pois ottaminen telineest\u00e4 on vaivatonta. Nappikorvikset saa tiiviisti loviin kiinni korvisten omien stoppareiden avulla. Teline on valmistettu 3mm paksuisesta kotimaisesta koivuvanerista. [&hellip;]<\/p>","protected":false},"featured_media":3411,"comment_status":"open","ping_status":"closed","template":"","meta":[],"product_brand":[],"product_cat":[21],"product_tag":[153,152],"class_list":{"0":"post-3407","1":"product","2":"type-product","3":"status-publish","4":"has-post-thumbnail","6":"product_cat-korut","7":"product_tag-etusivu-en","8":"product_tag-etusivu-fi","10":"first","11":"instock","12":"featured","13":"taxable","14":"shipping-taxable","15":"purchasable","16":"product-type-variable"},"_links":{"self":[{"href":"https:\/\/gmoodi.fi\/en\/wp-json\/wp\/v2\/product\/3407","targetHints":{"allow":["GET"]}}],"collection":[{"href":"https:\/\/gmoodi.fi\/en\/wp-json\/wp\/v2\/product"}],"about":[{"href":"https:\/\/gmoodi.fi\/en\/wp-json\/wp\/v2\/types\/product"}],"replies":[{"embeddable":true,"href":"https:\/\/gmoodi.fi\/en\/wp-json\/wp\/v2\/comments?post=3407"}],"wp:featuredmedia":[{"embeddable":true,"href":"https:\/\/gmoodi.fi\/en\/wp-json\/wp\/v2\/media\/3411"}],"wp:attachment":[{"href":"https:\/\/gmoodi.fi\/en\/wp-json\/wp\/v2\/media?parent=3407"}],"wp:term":[{"taxonomy":"product_brand","embeddable":true,"href":"https:\/\/gmoodi.fi\/en\/wp-json\/wp\/v2\/product_brand?post=3407"},{"taxonomy":"product_cat","embeddable":true,"href":"https:\/\/gmoodi.fi\/en\/wp-json\/wp\/v2\/product_cat?post=3407"},{"taxonomy":"product_tag","embeddable":true,"href":"https:\/\/gmoodi.fi\/en\/wp-json\/wp\/v2\/product_tag?post=3407"}],"curies":[{"name":"wp","href":"https:\/\/api.w.org\/{rel}","templated":true}]}}