{"id":3616,"date":"2024-09-23T09:28:08","date_gmt":"2024-09-23T06:28:08","guid":{"rendered":"https:\/\/gmoodi.fi\/?post_type=product&#038;p=3616"},"modified":"2026-04-14T13:45:45","modified_gmt":"2026-04-14T10:45:45","slug":"mrmrs-haakakkukoriste","status":"publish","type":"product","link":"https:\/\/gmoodi.fi\/en\/product\/mrmrs-haakakkukoriste\/","title":{"rendered":"Mr&#038;Mrs h\u00e4\u00e4kakkukoriste"},"content":{"rendered":"<p>Upea Mr&amp;Mrs h\u00e4\u00e4kakkukoriste kruunaa yhden p\u00e4iv\u00e4n p\u00e4\u00e4t\u00e4hdist\u00e4 - \u00a0eli h\u00e4\u00e4kakun!<\/p>\n<p>Koivuvanerinen kakkukoriste on kaunis ja n\u00e4ytt\u00e4v\u00e4. Puinen kakkukoriste on kest\u00e4v\u00e4 ja sen voi s\u00e4ilytt\u00e4\u00e4 muistona juhlien j\u00e4lkeen.<\/p>\n<p>Puinen kakunkoriste suunnitellaan ja valmistetaan Sein\u00e4joella. Koristeen mukana tulee suojausmateriaali.<\/p>\n<p>G-moodilla on elintarviketarkastajan my\u00f6nt\u00e4m\u00e4 lupa valmistaa kakkukoristeita.<\/p>","protected":false},"excerpt":{"rendered":"<p>Upea Mr&amp;Mrs h\u00e4\u00e4kakkukoriste kruunaa yhden p\u00e4iv\u00e4n p\u00e4\u00e4t\u00e4hdist\u00e4 - \u00a0eli h\u00e4\u00e4kakun! Koivuvanerinen kakkukoriste on kaunis ja n\u00e4ytt\u00e4v\u00e4. Puinen kakkukoriste on kest\u00e4v\u00e4 ja sen voi s\u00e4ilytt\u00e4\u00e4 muistona juhlien j\u00e4lkeen. Puinen kakunkoriste suunnitellaan ja valmistetaan Sein\u00e4joella. Koristeen mukana tulee suojausmateriaali. G-moodilla on elintarviketarkastajan my\u00f6nt\u00e4m\u00e4 lupa valmistaa kakkukoristeita.<\/p>","protected":false},"featured_media":3617,"comment_status":"open","ping_status":"closed","template":"","meta":[],"product_brand":[],"product_cat":[22],"product_tag":[151],"class_list":{"0":"post-3616","1":"product","2":"type-product","3":"status-publish","4":"has-post-thumbnail","6":"product_cat-haakoristeet-ja-kutsut","7":"product_tag-suomi","8":"product_shipping_class-paketti","10":"first","11":"instock","12":"taxable","13":"shipping-taxable","14":"purchasable","15":"product-type-simple"},"_links":{"self":[{"href":"https:\/\/gmoodi.fi\/en\/wp-json\/wp\/v2\/product\/3616","targetHints":{"allow":["GET"]}}],"collection":[{"href":"https:\/\/gmoodi.fi\/en\/wp-json\/wp\/v2\/product"}],"about":[{"href":"https:\/\/gmoodi.fi\/en\/wp-json\/wp\/v2\/types\/product"}],"replies":[{"embeddable":true,"href":"https:\/\/gmoodi.fi\/en\/wp-json\/wp\/v2\/comments?post=3616"}],"wp:featuredmedia":[{"embeddable":true,"href":"https:\/\/gmoodi.fi\/en\/wp-json\/wp\/v2\/media\/3617"}],"wp:attachment":[{"href":"https:\/\/gmoodi.fi\/en\/wp-json\/wp\/v2\/media?parent=3616"}],"wp:term":[{"taxonomy":"product_brand","embeddable":true,"href":"https:\/\/gmoodi.fi\/en\/wp-json\/wp\/v2\/product_brand?post=3616"},{"taxonomy":"product_cat","embeddable":true,"href":"https:\/\/gmoodi.fi\/en\/wp-json\/wp\/v2\/product_cat?post=3616"},{"taxonomy":"product_tag","embeddable":true,"href":"https:\/\/gmoodi.fi\/en\/wp-json\/wp\/v2\/product_tag?post=3616"}],"curies":[{"name":"wp","href":"https:\/\/api.w.org\/{rel}","templated":true}]}}