{"id":3629,"date":"2024-09-23T09:28:09","date_gmt":"2024-09-23T06:28:09","guid":{"rendered":"https:\/\/gmoodi.fi\/?post_type=product&#038;p=3629"},"modified":"2026-04-12T17:53:08","modified_gmt":"2026-04-12T14:53:08","slug":"mr-tai-mrs-kranssi","status":"publish","type":"product","link":"https:\/\/gmoodi.fi\/en\/product\/mr-tai-mrs-kranssi\/","title":{"rendered":"Mr tai Mrs kranssi"},"content":{"rendered":"<p>T\u00e4ss\u00e4 on upeat Mr tai Mrs kranssit koristamaan esimerkiksi h\u00e4\u00e4parin omaa p\u00f6yt\u00e4\u00e4! Juhlien j\u00e4lkeen n\u00e4it\u00e4 voi k\u00e4ytt\u00e4\u00e4 esimerkiksi kotona sisustuselementtein\u00e4.<\/p>\n<p>N\u00e4m\u00e4 ovat hurjan kauniit sellaisenaan, tai niit\u00e4 voi koristella vaikkapa kukkasin.<\/p>\n<p>Kranssin halkaisija on 30 cm ja sit\u00e4 saa mustana ja koivun v\u00e4risen\u00e4.<\/p>\n<p>Kaikki tuotteemme suunnitellaan Sein\u00e4joella ja valmistetaan kotimaisesta koivuvanerista.<\/p>","protected":false},"excerpt":{"rendered":"<p>T\u00e4ss\u00e4 on upeat Mr tai Mrs kranssit koristamaan esimerkiksi h\u00e4\u00e4parin omaa p\u00f6yt\u00e4\u00e4! Juhlien j\u00e4lkeen n\u00e4it\u00e4 voi k\u00e4ytt\u00e4\u00e4 esimerkiksi kotona sisustuselementtein\u00e4. N\u00e4m\u00e4 ovat hurjan kauniit sellaisenaan, tai niit\u00e4 voi koristella vaikkapa kukkasin. Kranssin halkaisija on 30 cm ja sit\u00e4 saa mustana ja koivun v\u00e4risen\u00e4. Kaikki tuotteemme suunnitellaan Sein\u00e4joella ja valmistetaan kotimaisesta koivuvanerista.<\/p>","protected":false},"featured_media":3631,"comment_status":"open","ping_status":"closed","template":"","meta":[],"product_brand":[],"product_cat":[22],"product_tag":[],"class_list":{"0":"post-3629","1":"product","2":"type-product","3":"status-publish","4":"has-post-thumbnail","6":"product_cat-haakoristeet-ja-kutsut","7":"product_shipping_class-paketti","9":"first","10":"instock","11":"taxable","12":"shipping-taxable","13":"purchasable","14":"product-type-variable"},"_links":{"self":[{"href":"https:\/\/gmoodi.fi\/en\/wp-json\/wp\/v2\/product\/3629","targetHints":{"allow":["GET"]}}],"collection":[{"href":"https:\/\/gmoodi.fi\/en\/wp-json\/wp\/v2\/product"}],"about":[{"href":"https:\/\/gmoodi.fi\/en\/wp-json\/wp\/v2\/types\/product"}],"replies":[{"embeddable":true,"href":"https:\/\/gmoodi.fi\/en\/wp-json\/wp\/v2\/comments?post=3629"}],"wp:featuredmedia":[{"embeddable":true,"href":"https:\/\/gmoodi.fi\/en\/wp-json\/wp\/v2\/media\/3631"}],"wp:attachment":[{"href":"https:\/\/gmoodi.fi\/en\/wp-json\/wp\/v2\/media?parent=3629"}],"wp:term":[{"taxonomy":"product_brand","embeddable":true,"href":"https:\/\/gmoodi.fi\/en\/wp-json\/wp\/v2\/product_brand?post=3629"},{"taxonomy":"product_cat","embeddable":true,"href":"https:\/\/gmoodi.fi\/en\/wp-json\/wp\/v2\/product_cat?post=3629"},{"taxonomy":"product_tag","embeddable":true,"href":"https:\/\/gmoodi.fi\/en\/wp-json\/wp\/v2\/product_tag?post=3629"}],"curies":[{"name":"wp","href":"https:\/\/api.w.org\/{rel}","templated":true}]}}