{"id":3644,"date":"2024-09-23T09:28:07","date_gmt":"2024-09-23T06:28:07","guid":{"rendered":"https:\/\/gmoodi.fi\/?post_type=product&#038;p=3644"},"modified":"2024-10-14T20:34:56","modified_gmt":"2024-10-14T17:34:56","slug":"poytanumero","status":"publish","type":"product","link":"https:\/\/gmoodi.fi\/en\/product\/poytanumero\/","title":{"rendered":"P\u00f6yt\u00e4numero"},"content":{"rendered":"<p>Kaunis koivuvanerinen p\u00f6yt\u00e4numero jalalla.<\/p>\n<p>Meilt\u00e4 saat tilattua my\u00f6s p\u00f6yt\u00e4numerot, jotta vieraat tiet\u00e4v\u00e4t mihin p\u00f6yt\u00e4\u00e4n suunnistaa.<\/p>\n<p>Valitse valikosta v\u00e4ri ja lis\u00e4\u00e4 ostoskoriin kappalem\u00e4\u00e4r\u00e4. Jos valitset kpl m\u00e4\u00e4r\u00e4ksi 10 kpl, saat numerot 1-10.<\/p>\n<p>P\u00f6yt\u00e4numerot valmistetaan tilauksesta, joten niiden toimitusaika on noin 1 viikon + postitus.<\/p>","protected":false},"excerpt":{"rendered":"<p>Kaunis koivuvanerinen p\u00f6yt\u00e4numero jalalla. Meilt\u00e4 saat tilattua my\u00f6s p\u00f6yt\u00e4numerot, jotta vieraat tiet\u00e4v\u00e4t mihin p\u00f6yt\u00e4\u00e4n suunnistaa. Valitse valikosta v\u00e4ri ja lis\u00e4\u00e4 ostoskoriin kappalem\u00e4\u00e4r\u00e4. Jos valitset kpl m\u00e4\u00e4r\u00e4ksi 10 kpl, saat numerot 1-10. P\u00f6yt\u00e4numerot valmistetaan tilauksesta, joten niiden toimitusaika on noin 1 viikon + postitus.<\/p>","protected":false},"featured_media":3645,"comment_status":"open","ping_status":"closed","template":"","meta":[],"product_brand":[],"product_cat":[22],"product_tag":[151],"class_list":{"0":"post-3644","1":"product","2":"type-product","3":"status-publish","4":"has-post-thumbnail","6":"product_cat-haakoristeet-ja-kutsut","7":"product_tag-suomi","8":"product_shipping_class-paketti","10":"first","11":"instock","12":"taxable","13":"shipping-taxable","14":"purchasable","15":"product-type-variable"},"_links":{"self":[{"href":"https:\/\/gmoodi.fi\/en\/wp-json\/wp\/v2\/product\/3644","targetHints":{"allow":["GET"]}}],"collection":[{"href":"https:\/\/gmoodi.fi\/en\/wp-json\/wp\/v2\/product"}],"about":[{"href":"https:\/\/gmoodi.fi\/en\/wp-json\/wp\/v2\/types\/product"}],"replies":[{"embeddable":true,"href":"https:\/\/gmoodi.fi\/en\/wp-json\/wp\/v2\/comments?post=3644"}],"wp:featuredmedia":[{"embeddable":true,"href":"https:\/\/gmoodi.fi\/en\/wp-json\/wp\/v2\/media\/3645"}],"wp:attachment":[{"href":"https:\/\/gmoodi.fi\/en\/wp-json\/wp\/v2\/media?parent=3644"}],"wp:term":[{"taxonomy":"product_brand","embeddable":true,"href":"https:\/\/gmoodi.fi\/en\/wp-json\/wp\/v2\/product_brand?post=3644"},{"taxonomy":"product_cat","embeddable":true,"href":"https:\/\/gmoodi.fi\/en\/wp-json\/wp\/v2\/product_cat?post=3644"},{"taxonomy":"product_tag","embeddable":true,"href":"https:\/\/gmoodi.fi\/en\/wp-json\/wp\/v2\/product_tag?post=3644"}],"curies":[{"name":"wp","href":"https:\/\/api.w.org\/{rel}","templated":true}]}}