{"id":3665,"date":"2024-09-23T09:28:01","date_gmt":"2024-09-23T06:28:01","guid":{"rendered":"https:\/\/gmoodi.fi\/?post_type=product&#038;p=3665"},"modified":"2026-04-12T18:01:51","modified_gmt":"2026-04-12T15:01:51","slug":"haaparin-vanhemmat-paikkakyltti","status":"publish","type":"product","link":"https:\/\/gmoodi.fi\/en\/product\/haaparin-vanhemmat-paikkakyltti\/","title":{"rendered":"H\u00e4\u00e4parin vanhemmat -paikkakyltti"},"content":{"rendered":"<p>H\u00e4\u00e4parin vanhemmat -paikkakyltti on kiva tapa nimikoida teille t\u00e4rkeiden ihmisten paikat hieman eri tavalla.<\/p>\n<p>Kylttej\u00e4 on nelj\u00e4 erilaista, sek\u00e4 sulhasen, ett\u00e4 morsiamen vanhemmille omansa - saatavana mustana ja koivunv\u00e4risen\u00e4.<\/p>\n<p>My\u00f6s personoidut paikkakyltit mahdollisia, kysy tarjous info@gmoodi.fi.<\/p>","protected":false},"excerpt":{"rendered":"<p>H\u00e4\u00e4parin vanhemmat -paikkakyltti on kiva tapa nimikoida teille t\u00e4rkeiden ihmisten paikat hieman eri tavalla. Kylttej\u00e4 on nelj\u00e4 erilaista, sek\u00e4 sulhasen, ett\u00e4 morsiamen vanhemmille omansa - saatavana mustana ja koivunv\u00e4risen\u00e4. My\u00f6s personoidut paikkakyltit mahdollisia, kysy tarjous info@gmoodi.fi.<\/p>","protected":false},"featured_media":3666,"comment_status":"open","ping_status":"closed","template":"","meta":[],"product_brand":[],"product_cat":[22],"product_tag":[151],"class_list":{"0":"post-3665","1":"product","2":"type-product","3":"status-publish","4":"has-post-thumbnail","6":"product_cat-haakoristeet-ja-kutsut","7":"product_tag-suomi","8":"product_shipping_class-paketti","10":"first","11":"instock","12":"taxable","13":"shipping-taxable","14":"purchasable","15":"product-type-variable"},"_links":{"self":[{"href":"https:\/\/gmoodi.fi\/en\/wp-json\/wp\/v2\/product\/3665","targetHints":{"allow":["GET"]}}],"collection":[{"href":"https:\/\/gmoodi.fi\/en\/wp-json\/wp\/v2\/product"}],"about":[{"href":"https:\/\/gmoodi.fi\/en\/wp-json\/wp\/v2\/types\/product"}],"replies":[{"embeddable":true,"href":"https:\/\/gmoodi.fi\/en\/wp-json\/wp\/v2\/comments?post=3665"}],"wp:featuredmedia":[{"embeddable":true,"href":"https:\/\/gmoodi.fi\/en\/wp-json\/wp\/v2\/media\/3666"}],"wp:attachment":[{"href":"https:\/\/gmoodi.fi\/en\/wp-json\/wp\/v2\/media?parent=3665"}],"wp:term":[{"taxonomy":"product_brand","embeddable":true,"href":"https:\/\/gmoodi.fi\/en\/wp-json\/wp\/v2\/product_brand?post=3665"},{"taxonomy":"product_cat","embeddable":true,"href":"https:\/\/gmoodi.fi\/en\/wp-json\/wp\/v2\/product_cat?post=3665"},{"taxonomy":"product_tag","embeddable":true,"href":"https:\/\/gmoodi.fi\/en\/wp-json\/wp\/v2\/product_tag?post=3665"}],"curies":[{"name":"wp","href":"https:\/\/api.w.org\/{rel}","templated":true}]}}