{"id":4023,"date":"2024-09-23T09:16:03","date_gmt":"2024-09-23T06:16:03","guid":{"rendered":"https:\/\/gmoodi.fi\/?post_type=product&#038;p=4023"},"modified":"2024-10-14T20:34:56","modified_gmt":"2024-10-14T17:34:56","slug":"cha-cha-cha-stud-earrings","status":"publish","type":"product","link":"https:\/\/gmoodi.fi\/en\/product\/cha-cha-cha-stud-earrings\/","title":{"rendered":"Cha Cha Cha stud earrings"},"content":{"rendered":"<p class=\"translation-block\">Official <a href=\"https:\/\/www.instagram.com\/paidatonriehuja\/?hl=fi\" target=\"_blank\" rel=\"noopener\"><strong>K\u00e4\u00e4rij\u00e4<\/strong><\/a> Cha Cha Cha earrings fin(n)ish your Eurovision look perfectly this year! We deliver orders all around the world.<\/p>\n<p>It does not matter if you are sparkly pink or cool green by nature or something between. These earrings tell everyone you are here to cheer Finland in to Eurovision victory!<\/p>\n<p>Our earrings are designed and manufactured in Finland, Sein\u00e4joki from finnish plywood. Metal parts are surgical steel. There are two sized of these earrings, middle sized (height 7cm with hook) and big (height 10cm with hook). Color options are neon green, neon pink or mix with one of each.<\/p>\n<p>Collection includes also hanging earrings, which you can find <a href=\"https:\/\/gmoodi.fi\/en\/product\/cha-cha-cha-earrings\/\"><strong>here!<\/strong><\/a><\/p>","protected":false},"excerpt":{"rendered":"<p>K\u00e4\u00e4rij\u00e4n kanssa virallisena yhteisty\u00f6n\u00e4 toteutetut Cha Cha Cha-nappikorvakorut viimeistelev\u00e4t t\u00e4m\u00e4n vuoden euroviisutyylisi t\u00e4ydellisesti! Olit sitten luonteeltasi viile\u00e4n vihre\u00e4, pirte\u00e4n pinkki tai jotain silt\u00e4 v\u00e4lilt\u00e4, niin n\u00e4iden korujen neon-v\u00e4rivaihtoehdot ja muotokieli tekev\u00e4t kaikille selv\u00e4ksi, ett\u00e4 olet tullut paikalle kannustamaan Suomea historiansa toiseen euroviisuvoittoon. Korvakorut on suunniteltu ja valmistettu Suomessa, Sein\u00e4joella k\u00e4sity\u00f6n\u00e4 kotimaisesta koivuvanerista. Metalliosat ovat kirurginter\u00e4st\u00e4. [&hellip;]<\/p>","protected":false},"featured_media":4021,"comment_status":"open","ping_status":"closed","template":"","meta":[],"product_brand":[],"product_cat":[21,156],"product_tag":[153,152],"class_list":{"0":"post-4023","1":"product","2":"type-product","3":"status-publish","4":"has-post-thumbnail","6":"product_cat-korut","7":"product_cat-kaarija","8":"product_tag-etusivu-en","9":"product_tag-etusivu-fi","10":"product_shipping_class-paketti","12":"first","13":"instock","14":"taxable","15":"shipping-taxable","16":"purchasable","17":"product-type-variable"},"_links":{"self":[{"href":"https:\/\/gmoodi.fi\/en\/wp-json\/wp\/v2\/product\/4023","targetHints":{"allow":["GET"]}}],"collection":[{"href":"https:\/\/gmoodi.fi\/en\/wp-json\/wp\/v2\/product"}],"about":[{"href":"https:\/\/gmoodi.fi\/en\/wp-json\/wp\/v2\/types\/product"}],"replies":[{"embeddable":true,"href":"https:\/\/gmoodi.fi\/en\/wp-json\/wp\/v2\/comments?post=4023"}],"wp:featuredmedia":[{"embeddable":true,"href":"https:\/\/gmoodi.fi\/en\/wp-json\/wp\/v2\/media\/4021"}],"wp:attachment":[{"href":"https:\/\/gmoodi.fi\/en\/wp-json\/wp\/v2\/media?parent=4023"}],"wp:term":[{"taxonomy":"product_brand","embeddable":true,"href":"https:\/\/gmoodi.fi\/en\/wp-json\/wp\/v2\/product_brand?post=4023"},{"taxonomy":"product_cat","embeddable":true,"href":"https:\/\/gmoodi.fi\/en\/wp-json\/wp\/v2\/product_cat?post=4023"},{"taxonomy":"product_tag","embeddable":true,"href":"https:\/\/gmoodi.fi\/en\/wp-json\/wp\/v2\/product_tag?post=4023"}],"curies":[{"name":"wp","href":"https:\/\/api.w.org\/{rel}","templated":true}]}}