{"id":5036,"date":"2024-09-23T09:28:01","date_gmt":"2024-09-23T06:28:01","guid":{"rendered":"https:\/\/gmoodi.fi\/?post_type=product&#038;p=5036"},"modified":"2026-03-19T14:36:05","modified_gmt":"2026-03-19T11:36:05","slug":"paasiaismunat","status":"publish","type":"product","link":"https:\/\/gmoodi.fi\/en\/product\/paasiaismunat\/","title":{"rendered":"P\u00e4\u00e4si\u00e4ismunat"},"content":{"rendered":"<p>Ripustettavat p\u00e4\u00e4si\u00e4ismunat koivuvanerista. Koristesetti sis\u00e4lt\u00e4\u00e4 kolme ripustettavaa p\u00e4\u00e4si\u00e4iskoristetta, joissa on hahmot pupu, kissa ja tipu. Settiin kuuluu munat sek\u00e4 narut, jotka voi leikata haluttuun pituuteen. Yhden koristemunan korkeus on 8 cm.<\/p>\n<p>Tuote myyd\u00e4\u00e4n koivun v\u00e4risen\u00e4 mutta halutessaan n\u00e4it\u00e4 voi my\u00f6s koristella esim. akryylimaaleilla.<\/p>\n<p>Koivuvaneriset p\u00e4\u00e4si\u00e4ismunat valmistetaan G-moodin ty\u00f6huoneella Sein\u00e4joella kotimaisesta koivuvanerista.<\/p>\n<p>Toimitusaika n. 5 arkip\u00e4iv\u00e4\u00e4.<\/p>","protected":false},"excerpt":{"rendered":"<p>Ripustettavat p\u00e4\u00e4si\u00e4ismunat koivuvanerista. Koristesetti sis\u00e4lt\u00e4\u00e4 kolme ripustettavaa p\u00e4\u00e4si\u00e4iskoristetta, joissa on hahmot pupu, kissa ja tipu. Settiin kuuluu munat sek\u00e4 narut, jotka voi leikata haluttuun pituuteen. Yhden koristemunan korkeus on 8 cm.<\/p>\n<p>Tuote myyd\u00e4\u00e4n koivun v\u00e4risen\u00e4 mutta halutessaan n\u00e4it\u00e4 voi my\u00f6s koristella esim. akryylimaaleilla.<\/p>\n<p>Koivuvaneriset p\u00e4\u00e4si\u00e4ismunat valmistetaan G-moodin ty\u00f6huoneella Sein\u00e4joella kotimaisesta koivuvanerista.<\/p>\n<p>Toimitusaika n. 5 arkip\u00e4iv\u00e4\u00e4.<\/p>","protected":false},"featured_media":5042,"comment_status":"open","ping_status":"closed","template":"","meta":[],"product_brand":[],"product_cat":[177],"product_tag":[168,167,166],"class_list":{"0":"post-5036","1":"product","2":"type-product","3":"status-publish","4":"has-post-thumbnail","6":"product_cat-sisustus","7":"product_tag-koivuvaneri","8":"product_tag-paasiaiskoriste","9":"product_tag-paasiaismunat","10":"product_shipping_class-paketti","12":"first","13":"instock","14":"featured","15":"taxable","16":"shipping-taxable","17":"purchasable","18":"product-type-simple"},"_links":{"self":[{"href":"https:\/\/gmoodi.fi\/en\/wp-json\/wp\/v2\/product\/5036","targetHints":{"allow":["GET"]}}],"collection":[{"href":"https:\/\/gmoodi.fi\/en\/wp-json\/wp\/v2\/product"}],"about":[{"href":"https:\/\/gmoodi.fi\/en\/wp-json\/wp\/v2\/types\/product"}],"replies":[{"embeddable":true,"href":"https:\/\/gmoodi.fi\/en\/wp-json\/wp\/v2\/comments?post=5036"}],"wp:featuredmedia":[{"embeddable":true,"href":"https:\/\/gmoodi.fi\/en\/wp-json\/wp\/v2\/media\/5042"}],"wp:attachment":[{"href":"https:\/\/gmoodi.fi\/en\/wp-json\/wp\/v2\/media?parent=5036"}],"wp:term":[{"taxonomy":"product_brand","embeddable":true,"href":"https:\/\/gmoodi.fi\/en\/wp-json\/wp\/v2\/product_brand?post=5036"},{"taxonomy":"product_cat","embeddable":true,"href":"https:\/\/gmoodi.fi\/en\/wp-json\/wp\/v2\/product_cat?post=5036"},{"taxonomy":"product_tag","embeddable":true,"href":"https:\/\/gmoodi.fi\/en\/wp-json\/wp\/v2\/product_tag?post=5036"}],"curies":[{"name":"wp","href":"https:\/\/api.w.org\/{rel}","templated":true}]}}