{"id":5044,"date":"2024-09-23T09:28:02","date_gmt":"2024-09-23T06:28:02","guid":{"rendered":"https:\/\/gmoodi.fi\/?post_type=product&#038;p=5044"},"modified":"2026-03-19T14:35:16","modified_gmt":"2026-03-19T11:35:16","slug":"paasiaispupu","status":"publish","type":"product","link":"https:\/\/gmoodi.fi\/en\/product\/paasiaispupu\/","title":{"rendered":"P\u00e4\u00e4si\u00e4ispupu"},"content":{"rendered":"<p>P\u00e4\u00e4si\u00e4ispupu koriste on kest\u00e4v\u00e4 ja suloinen p\u00e4\u00e4si\u00e4iskoriste. Pupu on valmistettu korkealaatuisesta koivuvanerista laserleikkaamalla. Pupun korkeus on 14,5 cm ja se kootaan kahdesta osasta.<\/p>\n<p>Tuote myyd\u00e4\u00e4n koivun v\u00e4risen\u00e4 mutta halutessaan pupun voi my\u00f6s koristella esim. akryylimaaleilla. Ihanaa p\u00e4\u00e4si\u00e4istekemist\u00e4 koko perheelle!<\/p>\n<p>Koivuvaneriset pupuliinit valmistetaan G-moodin ty\u00f6huoneella Sein\u00e4joella kotimaisesta koivuvanerista.<\/p>\n<p>Toimitusaika n. 5 arkip\u00e4iv\u00e4\u00e4.<\/p>","protected":false},"excerpt":{"rendered":"<p>P\u00e4\u00e4si\u00e4ispupu koriste on kest\u00e4v\u00e4 ja suloinen p\u00e4\u00e4si\u00e4iskoriste. Pupu on valmistettu korkealaatuisesta koivuvanerista laserleikkaamalla. Pupun korkeus on 14,5 cm ja se kootaan kahdesta osasta.<\/p>\n<p>Tuote myyd\u00e4\u00e4n koivun v\u00e4risen\u00e4 mutta halutessaan pupun voi my\u00f6s koristella esim. akryylimaaleilla. Ihanaa p\u00e4\u00e4si\u00e4istekemist\u00e4 koko perheelle!<\/p>\n<p>Koivuvaneriset pupuliinit valmistetaan G-moodin ty\u00f6huoneella Sein\u00e4joella kotimaisesta koivuvanerista.<\/p>\n<p>Toimitusaika n. 5 arkip\u00e4iv\u00e4\u00e4.<\/p>","protected":false},"featured_media":5045,"comment_status":"open","ping_status":"closed","template":"","meta":[],"product_brand":[],"product_cat":[177],"product_tag":[168,167,169,170],"class_list":{"0":"post-5044","1":"product","2":"type-product","3":"status-publish","4":"has-post-thumbnail","6":"product_cat-sisustus","7":"product_tag-koivuvaneri","8":"product_tag-paasiaiskoriste","9":"product_tag-paasiaispupu","10":"product_tag-pupu","11":"product_shipping_class-paketti","13":"first","14":"instock","15":"featured","16":"taxable","17":"shipping-taxable","18":"purchasable","19":"product-type-simple"},"_links":{"self":[{"href":"https:\/\/gmoodi.fi\/en\/wp-json\/wp\/v2\/product\/5044","targetHints":{"allow":["GET"]}}],"collection":[{"href":"https:\/\/gmoodi.fi\/en\/wp-json\/wp\/v2\/product"}],"about":[{"href":"https:\/\/gmoodi.fi\/en\/wp-json\/wp\/v2\/types\/product"}],"replies":[{"embeddable":true,"href":"https:\/\/gmoodi.fi\/en\/wp-json\/wp\/v2\/comments?post=5044"}],"wp:featuredmedia":[{"embeddable":true,"href":"https:\/\/gmoodi.fi\/en\/wp-json\/wp\/v2\/media\/5045"}],"wp:attachment":[{"href":"https:\/\/gmoodi.fi\/en\/wp-json\/wp\/v2\/media?parent=5044"}],"wp:term":[{"taxonomy":"product_brand","embeddable":true,"href":"https:\/\/gmoodi.fi\/en\/wp-json\/wp\/v2\/product_brand?post=5044"},{"taxonomy":"product_cat","embeddable":true,"href":"https:\/\/gmoodi.fi\/en\/wp-json\/wp\/v2\/product_cat?post=5044"},{"taxonomy":"product_tag","embeddable":true,"href":"https:\/\/gmoodi.fi\/en\/wp-json\/wp\/v2\/product_tag?post=5044"}],"curies":[{"name":"wp","href":"https:\/\/api.w.org\/{rel}","templated":true}]}}