{"id":5727,"date":"2026-03-11T10:18:13","date_gmt":"2026-03-11T07:18:13","guid":{"rendered":"https:\/\/gmoodi.fi\/?post_type=product&#038;p=5727"},"modified":"2026-03-12T12:44:06","modified_gmt":"2026-03-12T09:44:06","slug":"helat-korvakorut","status":"publish","type":"product","link":"https:\/\/gmoodi.fi\/en\/product\/helat-korvakorut\/","title":{"rendered":"Helat-korvakorut"},"content":{"rendered":"<p>Helat-korvakorut ovat saaneet innoituksensa pohjalaisuudesta. Helavy\u00f6n sijaan voit pukea yllesi helakorvikset ja tuoda esiin omaa, pohjalaista identiteetti\u00e4si. N\u00e4m\u00e4 korvissa kelpaa l\u00e4hte\u00e4 kylille!<\/p>\n<p>Korvakorut on saatavana 5 cm ja 7 cm kokoisena (vaneriosien pituus).<\/p>\n<p>The earring hooks and rings are surgical steel. Silicone plugs are also included.<\/p>","protected":false},"excerpt":{"rendered":"<p>Helat-korvakorut ovat saaneet innoituksensa pohjalaisuudesta. Helavy\u00f6n sijaan voit pukea yllesi helakorvikset ja tuoda esiin omaa, pohjalaista identiteetti\u00e4si. N\u00e4m\u00e4 korvissa kelpaa l\u00e4hte\u00e4 kylille! Korvakorut on saatavana 5 cm ja 7 cm kokoisena (vaneriosien pituus). Korvakorukoukut ja renkaat ovat kirurginter\u00e4st\u00e4. Mukaan tulee my\u00f6s silikonitulpat.<\/p>","protected":false},"featured_media":5724,"comment_status":"open","ping_status":"closed","template":"","meta":[],"product_brand":[],"product_cat":[21],"product_tag":[],"class_list":{"0":"post-5727","1":"product","2":"type-product","3":"status-publish","4":"has-post-thumbnail","6":"product_cat-korut","8":"first","9":"instock","10":"featured","11":"taxable","12":"shipping-taxable","13":"purchasable","14":"product-type-variable"},"_links":{"self":[{"href":"https:\/\/gmoodi.fi\/en\/wp-json\/wp\/v2\/product\/5727","targetHints":{"allow":["GET"]}}],"collection":[{"href":"https:\/\/gmoodi.fi\/en\/wp-json\/wp\/v2\/product"}],"about":[{"href":"https:\/\/gmoodi.fi\/en\/wp-json\/wp\/v2\/types\/product"}],"replies":[{"embeddable":true,"href":"https:\/\/gmoodi.fi\/en\/wp-json\/wp\/v2\/comments?post=5727"}],"wp:featuredmedia":[{"embeddable":true,"href":"https:\/\/gmoodi.fi\/en\/wp-json\/wp\/v2\/media\/5724"}],"wp:attachment":[{"href":"https:\/\/gmoodi.fi\/en\/wp-json\/wp\/v2\/media?parent=5727"}],"wp:term":[{"taxonomy":"product_brand","embeddable":true,"href":"https:\/\/gmoodi.fi\/en\/wp-json\/wp\/v2\/product_brand?post=5727"},{"taxonomy":"product_cat","embeddable":true,"href":"https:\/\/gmoodi.fi\/en\/wp-json\/wp\/v2\/product_cat?post=5727"},{"taxonomy":"product_tag","embeddable":true,"href":"https:\/\/gmoodi.fi\/en\/wp-json\/wp\/v2\/product_tag?post=5727"}],"curies":[{"name":"wp","href":"https:\/\/api.w.org\/{rel}","templated":true}]}}