{"id":5754,"date":"2026-03-18T14:16:24","date_gmt":"2026-03-18T11:16:24","guid":{"rendered":"https:\/\/gmoodi.fi\/?post_type=product&#038;p=5754"},"modified":"2026-03-18T14:49:45","modified_gmt":"2026-03-18T11:49:45","slug":"korupalat","status":"publish","type":"product","link":"https:\/\/gmoodi.fi\/en\/product\/korupalat\/","title":{"rendered":"Korupalat"},"content":{"rendered":"<p>Oletko askartelija, k\u00e4dentaitaja tai koruntekij\u00e4?<\/p>\n<p>G-moodilta voit ostaa my\u00f6s koivuvanerisia korupaloja omiin tarpeisiin. Paitsi korvakoruissa, paloja voi k\u00e4ytt\u00e4\u00e4 monenlaisissa muissakin k\u00e4sit\u00f6iss\u00e4 - vaikkapa makrameet\u00f6iden koristeena.<\/p>\n<p>Myymme omia palamalleja, mutta voit halutessasi suunnitella muotoja my\u00f6s itse. Voit tilata tietty\u00e4 muotoa tai v\u00e4ri\u00e4 tai yll\u00e4tyspussin. Palojen muoto- ja v\u00e4rivalikoima vaihtelee. Ennen tilaamista ota yhteys s\u00e4hk\u00f6postilla info@gmoodi.fi, niin katsotaan, mink\u00e4lainen setti laitetaan ja mit\u00e4 se maksaa. Hinta riippuu m\u00e4\u00e4r\u00e4n lis\u00e4ksi my\u00f6s sis\u00e4ll\u00f6st\u00e4 ja mahdollisesta suunnitteluty\u00f6st\u00e4.<\/p>\n<p>\u00c4L\u00c4 SIIS TEE TILAUSTA KORUPALOISTA ENNEN KUIN OLET OLLUT S\u00c4HK\u00d6POSTILLA YHTEYDESS\u00c4!<\/p>\n<p>S\u00e4hk\u00f6postilla saat lis\u00e4tietoa hinnoista, mutta se ei sido sinua viel\u00e4 tilaamiseen.<\/p>","protected":false},"excerpt":{"rendered":"<p>Oletko askartelija, k\u00e4dentaitaja tai koruntekij\u00e4?<\/p>\n<p>G-moodilta voit ostaa my\u00f6s koivuvanerisia korupaloja omiin tarpeisiin. Paitsi korvakoruissa, paloja voi k\u00e4ytt\u00e4\u00e4 monenlaisissa muissakin k\u00e4sit\u00f6iss\u00e4 - vaikkapa makrameet\u00f6iden koristeena.<\/p>\n<p>&nbsp;<\/p>","protected":false},"featured_media":5702,"comment_status":"open","ping_status":"closed","template":"","meta":[],"product_brand":[],"product_cat":[21],"product_tag":[],"class_list":{"0":"post-5754","1":"product","2":"type-product","3":"status-publish","4":"has-post-thumbnail","6":"product_cat-korut","8":"first","9":"instock","10":"featured","11":"taxable","12":"shipping-taxable","13":"purchasable","14":"product-type-variable"},"_links":{"self":[{"href":"https:\/\/gmoodi.fi\/en\/wp-json\/wp\/v2\/product\/5754","targetHints":{"allow":["GET"]}}],"collection":[{"href":"https:\/\/gmoodi.fi\/en\/wp-json\/wp\/v2\/product"}],"about":[{"href":"https:\/\/gmoodi.fi\/en\/wp-json\/wp\/v2\/types\/product"}],"replies":[{"embeddable":true,"href":"https:\/\/gmoodi.fi\/en\/wp-json\/wp\/v2\/comments?post=5754"}],"wp:featuredmedia":[{"embeddable":true,"href":"https:\/\/gmoodi.fi\/en\/wp-json\/wp\/v2\/media\/5702"}],"wp:attachment":[{"href":"https:\/\/gmoodi.fi\/en\/wp-json\/wp\/v2\/media?parent=5754"}],"wp:term":[{"taxonomy":"product_brand","embeddable":true,"href":"https:\/\/gmoodi.fi\/en\/wp-json\/wp\/v2\/product_brand?post=5754"},{"taxonomy":"product_cat","embeddable":true,"href":"https:\/\/gmoodi.fi\/en\/wp-json\/wp\/v2\/product_cat?post=5754"},{"taxonomy":"product_tag","embeddable":true,"href":"https:\/\/gmoodi.fi\/en\/wp-json\/wp\/v2\/product_tag?post=5754"}],"curies":[{"name":"wp","href":"https:\/\/api.w.org\/{rel}","templated":true}]}}