{"id":5776,"date":"2026-04-01T14:35:30","date_gmt":"2026-04-01T11:35:30","guid":{"rendered":"https:\/\/gmoodi.fi\/?post_type=product&#038;p=5776"},"modified":"2026-04-02T11:36:19","modified_gmt":"2026-04-02T08:36:19","slug":"salmiakki_korvakorut","status":"publish","type":"product","link":"https:\/\/gmoodi.fi\/en\/product\/salmiakki_korvakorut\/","title":{"rendered":"Salmiakki-korvakorut"},"content":{"rendered":"<p>Salmiakki-korvakorut ovat saaneet innoituksensa etel\u00e4-pohjalaisesta jussi-paidasta ja peltolakian taa laskevasta auringosta. Salmiakkikorvikset muistuttaa, mist\u00e4 oot kotoisin!<\/p>\n<p>Korvakoruja on saatavina nelj\u00e4\u00e4 eri mallia: levi\u00e4mm\u00e4t yksill\u00e4 salmiakeilla tai kapoosammat kaksilla salmiakeilla. Yl\u00e4osan v\u00e4rivaihtoehto molemmissa malleissa punainen tai musta.<\/p>\n<p>Korvakorukoukut ja renkaat ovat kirurginter\u00e4st\u00e4, puuosat kotimaista koivuvaneria. Mukaan tulee my\u00f6s silikonitulpat.<\/p>","protected":false},"excerpt":{"rendered":"<p>Salmiakki-korvakorut ovat saaneet innoituksensa etel\u00e4-pohjalaisesta jussi-paidasta ja peltolakian taa laskevasta auringosta.<\/p>","protected":false},"featured_media":5781,"comment_status":"open","ping_status":"closed","template":"","meta":[],"product_brand":[],"product_cat":[21],"product_tag":[168,184,185],"class_list":{"0":"post-5776","1":"product","2":"type-product","3":"status-publish","4":"has-post-thumbnail","6":"product_cat-korut","7":"product_tag-koivuvaneri","8":"product_tag-korvakorut","9":"product_tag-salmiakkikorut","11":"first","12":"instock","13":"featured","14":"taxable","15":"shipping-taxable","16":"purchasable","17":"product-type-variable"},"_links":{"self":[{"href":"https:\/\/gmoodi.fi\/en\/wp-json\/wp\/v2\/product\/5776","targetHints":{"allow":["GET"]}}],"collection":[{"href":"https:\/\/gmoodi.fi\/en\/wp-json\/wp\/v2\/product"}],"about":[{"href":"https:\/\/gmoodi.fi\/en\/wp-json\/wp\/v2\/types\/product"}],"replies":[{"embeddable":true,"href":"https:\/\/gmoodi.fi\/en\/wp-json\/wp\/v2\/comments?post=5776"}],"wp:featuredmedia":[{"embeddable":true,"href":"https:\/\/gmoodi.fi\/en\/wp-json\/wp\/v2\/media\/5781"}],"wp:attachment":[{"href":"https:\/\/gmoodi.fi\/en\/wp-json\/wp\/v2\/media?parent=5776"}],"wp:term":[{"taxonomy":"product_brand","embeddable":true,"href":"https:\/\/gmoodi.fi\/en\/wp-json\/wp\/v2\/product_brand?post=5776"},{"taxonomy":"product_cat","embeddable":true,"href":"https:\/\/gmoodi.fi\/en\/wp-json\/wp\/v2\/product_cat?post=5776"},{"taxonomy":"product_tag","embeddable":true,"href":"https:\/\/gmoodi.fi\/en\/wp-json\/wp\/v2\/product_tag?post=5776"}],"curies":[{"name":"wp","href":"https:\/\/api.w.org\/{rel}","templated":true}]}}