{"id":5790,"date":"2026-04-12T16:35:36","date_gmt":"2026-04-12T13:35:36","guid":{"rendered":"https:\/\/gmoodi.fi\/?post_type=product&#038;p=5790"},"modified":"2026-04-12T16:51:07","modified_gmt":"2026-04-12T13:51:07","slug":"sweet-kiss-korvakorut","status":"publish","type":"product","link":"https:\/\/gmoodi.fi\/en\/product\/sweet-kiss-korvakorut\/","title":{"rendered":"Sweet Kiss-korvakorut"},"content":{"rendered":"<p>If you can glitter, glitter!<\/p>\n<p>Sweet kiss-korvakorut on omistettu burleskitaiteilija Sylvie Sweet Kissille. Ihanat, kimaltavat huulet tuovat kirjaimellisesti hymyn korviin.<\/p>\n<p>Korvakoruja on saatavina kahta eri mallia: ruusunpunaisella tai roosan v\u00e4risell\u00e4 yl\u00e4osalla.<\/p>\n<p>Korvakorukoukut ja renkaat ovat kirurginter\u00e4st\u00e4, puuosat kotimaista koivuvaneria. Mukaan tulee my\u00f6s silikonitulpat.<\/p>","protected":false},"excerpt":{"rendered":"<p>If you can glitter, glitter!<\/p>\n<p>Sweet kiss-korvakorut on omistettu burleskitaiteilija Sylvie Sweet Kissille. Ihanat, kimaltavat huulet tuovat kirjaimellisesti hymyn korviin.<\/p>\n<p><img loading=\"lazy\" decoding=\"async\" class=\"alignnone size-medium wp-image-5792\" src=\"https:\/\/gmoodi.fi\/wp-content\/uploads\/2026\/04\/sweet-kiss-477x500.jpg\" alt=\"Korvakorut, joissa punainen pallo, josta roikkuu vaaleanpunaiset huulet.\" width=\"477\" height=\"500\" srcset=\"https:\/\/gmoodi.fi\/wp-content\/uploads\/2026\/04\/sweet-kiss-477x500.jpg 477w, https:\/\/gmoodi.fi\/wp-content\/uploads\/2026\/04\/sweet-kiss-977x1024.jpg 977w, https:\/\/gmoodi.fi\/wp-content\/uploads\/2026\/04\/sweet-kiss-768x805.jpg 768w, https:\/\/gmoodi.fi\/wp-content\/uploads\/2026\/04\/sweet-kiss-1465x1536.jpg 1465w, https:\/\/gmoodi.fi\/wp-content\/uploads\/2026\/04\/sweet-kiss-1953x2048.jpg 1953w, https:\/\/gmoodi.fi\/wp-content\/uploads\/2026\/04\/sweet-kiss-11x12.jpg 11w, https:\/\/gmoodi.fi\/wp-content\/uploads\/2026\/04\/sweet-kiss-600x629.jpg 600w, https:\/\/gmoodi.fi\/wp-content\/uploads\/2026\/04\/sweet-kiss-scaled.jpg 2442w\" sizes=\"auto, (max-width: 477px) 100vw, 477px\" \/><\/p>","protected":false},"featured_media":5792,"comment_status":"open","ping_status":"closed","template":"","meta":[],"product_brand":[],"product_cat":[21],"product_tag":[168,184,185],"class_list":{"0":"post-5790","1":"product","2":"type-product","3":"status-publish","4":"has-post-thumbnail","6":"product_cat-korut","7":"product_tag-koivuvaneri","8":"product_tag-korvakorut","9":"product_tag-salmiakkikorut","11":"first","12":"instock","13":"featured","14":"taxable","15":"shipping-taxable","16":"purchasable","17":"product-type-variable"},"_links":{"self":[{"href":"https:\/\/gmoodi.fi\/en\/wp-json\/wp\/v2\/product\/5790","targetHints":{"allow":["GET"]}}],"collection":[{"href":"https:\/\/gmoodi.fi\/en\/wp-json\/wp\/v2\/product"}],"about":[{"href":"https:\/\/gmoodi.fi\/en\/wp-json\/wp\/v2\/types\/product"}],"replies":[{"embeddable":true,"href":"https:\/\/gmoodi.fi\/en\/wp-json\/wp\/v2\/comments?post=5790"}],"wp:featuredmedia":[{"embeddable":true,"href":"https:\/\/gmoodi.fi\/en\/wp-json\/wp\/v2\/media\/5792"}],"wp:attachment":[{"href":"https:\/\/gmoodi.fi\/en\/wp-json\/wp\/v2\/media?parent=5790"}],"wp:term":[{"taxonomy":"product_brand","embeddable":true,"href":"https:\/\/gmoodi.fi\/en\/wp-json\/wp\/v2\/product_brand?post=5790"},{"taxonomy":"product_cat","embeddable":true,"href":"https:\/\/gmoodi.fi\/en\/wp-json\/wp\/v2\/product_cat?post=5790"},{"taxonomy":"product_tag","embeddable":true,"href":"https:\/\/gmoodi.fi\/en\/wp-json\/wp\/v2\/product_tag?post=5790"}],"curies":[{"name":"wp","href":"https:\/\/api.w.org\/{rel}","templated":true}]}}