{"id":5808,"date":"2026-05-05T09:39:47","date_gmt":"2026-05-05T06:39:47","guid":{"rendered":"https:\/\/gmoodi.fi\/?post_type=product&#038;p=5808"},"modified":"2026-05-05T09:57:56","modified_gmt":"2026-05-05T06:57:56","slug":"liekki-korvakorut","status":"publish","type":"product","link":"https:\/\/gmoodi.fi\/en\/product\/liekki-korvakorut\/","title":{"rendered":"I'm on fire-korvakorut"},"content":{"rendered":"<p>Baby I'm on fire!<\/p>\n<p>Kuumat Liekki-korvakorut kes\u00e4n bileisiin ja keikoille! Liekki-aiheinen korvakoru koostuu kolmesta yhdess\u00e4 renkaassa roikkuvasta, ohuesta koivuvaneripalasta ja ovat n\u00e4ytt\u00e4vyydest\u00e4\u00e4n huolimatta todella kevyet. K\u00e4sinmaalatut palat ovat uniikit. Suurimman liekin korkeus 7cm.<\/p>\n<p>Korvakorukoukut ja renkaat ovat kirurginter\u00e4st\u00e4, puuosat kotimaista 1mm paksuista koivuvaneria. Mukaan tulee my\u00f6s silikonitulpat.<\/p>","protected":false},"excerpt":{"rendered":"<p>Baby I'm on fire!<\/p>\n<p>Kuumat Liekki-korvakorut kes\u00e4n bileisiin ja keikoille!<\/p>\n<p>&nbsp;<\/p>","protected":false},"featured_media":5810,"comment_status":"open","ping_status":"closed","template":"","meta":[],"product_brand":[],"product_cat":[21],"product_tag":[168,184,187],"class_list":{"0":"post-5808","1":"product","2":"type-product","3":"status-publish","4":"has-post-thumbnail","6":"product_cat-korut","7":"product_tag-koivuvaneri","8":"product_tag-korvakorut","9":"product_tag-liekki","11":"first","12":"instock","13":"featured","14":"taxable","15":"shipping-taxable","16":"purchasable","17":"product-type-simple"},"_links":{"self":[{"href":"https:\/\/gmoodi.fi\/en\/wp-json\/wp\/v2\/product\/5808","targetHints":{"allow":["GET"]}}],"collection":[{"href":"https:\/\/gmoodi.fi\/en\/wp-json\/wp\/v2\/product"}],"about":[{"href":"https:\/\/gmoodi.fi\/en\/wp-json\/wp\/v2\/types\/product"}],"replies":[{"embeddable":true,"href":"https:\/\/gmoodi.fi\/en\/wp-json\/wp\/v2\/comments?post=5808"}],"wp:featuredmedia":[{"embeddable":true,"href":"https:\/\/gmoodi.fi\/en\/wp-json\/wp\/v2\/media\/5810"}],"wp:attachment":[{"href":"https:\/\/gmoodi.fi\/en\/wp-json\/wp\/v2\/media?parent=5808"}],"wp:term":[{"taxonomy":"product_brand","embeddable":true,"href":"https:\/\/gmoodi.fi\/en\/wp-json\/wp\/v2\/product_brand?post=5808"},{"taxonomy":"product_cat","embeddable":true,"href":"https:\/\/gmoodi.fi\/en\/wp-json\/wp\/v2\/product_cat?post=5808"},{"taxonomy":"product_tag","embeddable":true,"href":"https:\/\/gmoodi.fi\/en\/wp-json\/wp\/v2\/product_tag?post=5808"}],"curies":[{"name":"wp","href":"https:\/\/api.w.org\/{rel}","templated":true}]}}